{"id":8,"date":"2015-03-26T11:40:50","date_gmt":"2015-03-26T11:40:50","guid":{"rendered":"http:\/\/www.studiolegaletenuta.it\/mp\/?page_id=8"},"modified":"2015-09-22T16:45:01","modified_gmt":"2015-09-22T16:45:01","slug":"chi-sono","status":"publish","type":"page","link":"http:\/\/mariopiersantelli.it\/mp\/chi-sono\/","title":{"rendered":"Chi sono"},"content":{"rendered":"<div id=\"pl-8\"  class=\"panel-layout\" ><div id=\"pg-8-0\"  class=\"panel-grid panel-has-style\" ><div class=\"siteorigin-panels-stretch panel-row-style panel-row-style-for-8-0\" data-stretch-type=\"full\" ><div id=\"pgc-8-0-0\"  class=\"panel-grid-cell\" ><div id=\"panel-8-0-0-0\" class=\"so-panel widget widget_black-studio-tinymce widget_black_studio_tinymce panel-first-child panel-last-child\" data-index=\"0\" ><div class=\"textwidget\"><p>\u00a0<img class=\"alignnone wp-image-154 size-full\" src=\"http:\/\/mariopiersantelli.it\/mp\/wp-content\/uploads\/2015\/04\/2.jpg\" alt=\"2\" width=\"1000\" height=\"750\" \/><\/p>\n<p style=\"text-align: justify;\">Sono un Agronomo - libero professionista (classe 1964) che vive e lavora a Fermo, nelle Marche.<\/p>\n<p style=\"text-align: justify;\"><strong>Oikokosmein<\/strong> Il termine nasce dall'originale fusione moderna di due vocaboli del greco antico o\u00edkos e kosme\u00edn. Il primo, <em>o\u00edkos<\/em>, indica la casa, l'ambiente, il creato, tutto ci\u00f2 che ci circonda; il secondo, <em>kosme\u00edn<\/em>, forma verbale, vuol dire mettere in ordine, quindi favorire la bellezza, l'armonia. Pertanto oikokosmein vuol esprimere l'azione verso l'ordine, la bellezza, l'armonia dell'ambiente.<\/p>\n<p style=\"text-align: justify;\">L'ambiente nella sua interezza ha sempre svolto un ruolo importante nella mia esperienza professionale, grazie alla fortuna di vivere in un contesto dove il rapporto tra aree urbanizzate, spazi agricoli e superfici meno antropizzate, non \u00e8 stato completamente stravolto, nonostante negli ultimi decenni si sia assistito a un ragguardevole sviluppo dell'edilizia con conseguente diminuzione delle aree \u201clibere\u201d.<\/p>\n<p style=\"text-align: justify;\">La trasformazione irreversibile del suolo soprattutto per fini edificatori (strade, parcheggi, aree artigianali\/industriali ecc.) e le problematiche che da essa sono scaturite e continuano a proporsi (ad es. i vari dissesti) evidenziano, sempre pi\u00f9, la necessit\u00e0 di mitigare gli effetti dei vari interventi antropici sull'ambiente (impatti), effettuati, in passato e non solo, sulla base di una visione strettamente dominatrice da parte dell'uomo e alquanto carente nel tenere nell'opportuna considerazione l'insieme di tutte le altre variabili (ad es. climatiche, pedologiche, vegetazionali, faunistiche) che agiscono su tutto ci\u00f2 che ci circonda. Un'adeguata pianificazione degli interventi sull'ambiente - frutto di una visione non pi\u00f9 settoriale ma che contempli tutti gli attori (= uomo+gli altri) e volta al riequilibrio del rapporto uomo-natura all'interno di un sistema complesso, quale quello naturale (delle cui dinamiche conosciamo ben poco) - una volta solo auspicabile, oggi \u00e8 divenuta ineluttabile.<\/p>\n<p style=\"text-align: justify;\">Nel sito intendo raccogliere articoli che esprimano i punti di vista e le riflessioni di autori e ricercatori che sullo scenario internazionale affrontano le varie problematiche del complesso rapporto uomo-ambiente: in particolare la volont\u00e0 da parte dell'uomo di ristabilire un dialogo con l'elemento naturale attraverso la progettazione, la salvaguardia e la gestione delle aree verdi, dei parchi, dei giardini, dei singoli soggetti arborei ecc.<\/p>\n<p style=\"text-align: justify;\"><span style=\"color: #ffffff;\">ambiente, energie rinnovabili, piersantelli, riqualificazione aree verdi, agronomo, fermo, stabilit\u00e0 alberi,oikokosmein<\/span><\/p>\n<\/div><\/div><\/div><\/div><\/div><\/div>","protected":false},"excerpt":{"rendered":"<p>\u00a0Sono un Agronomo &#8211; libero professionista (classe 1964) che vive e lavora a Fermo, nelle Marche.Oikokosmein Il termine nasce dall&#8217;originale fusione moderna di due vocaboli del greco antico o\u00edkos e kosme\u00edn. Il primo, o\u00edkos, indica la casa, l&#8217;ambiente, il creato, tutto ci\u00f2 che ci circonda; il secondo, kosme\u00edn, forma verbale, vuol dire mettere in ordine, [&hellip;]<\/p>\n","protected":false},"author":1,"featured_media":0,"parent":0,"menu_order":0,"comment_status":"open","ping_status":"open","template":"","meta":{"ngg_post_thumbnail":0},"aioseo_notices":[],"_links":{"self":[{"href":"http:\/\/mariopiersantelli.it\/mp\/wp-json\/wp\/v2\/pages\/8"}],"collection":[{"href":"http:\/\/mariopiersantelli.it\/mp\/wp-json\/wp\/v2\/pages"}],"about":[{"href":"http:\/\/mariopiersantelli.it\/mp\/wp-json\/wp\/v2\/types\/page"}],"author":[{"embeddable":true,"href":"http:\/\/mariopiersantelli.it\/mp\/wp-json\/wp\/v2\/users\/1"}],"replies":[{"embeddable":true,"href":"http:\/\/mariopiersantelli.it\/mp\/wp-json\/wp\/v2\/comments?post=8"}],"version-history":[{"count":2,"href":"http:\/\/mariopiersantelli.it\/mp\/wp-json\/wp\/v2\/pages\/8\/revisions"}],"predecessor-version":[{"id":300,"href":"http:\/\/mariopiersantelli.it\/mp\/wp-json\/wp\/v2\/pages\/8\/revisions\/300"}],"wp:attachment":[{"href":"http:\/\/mariopiersantelli.it\/mp\/wp-json\/wp\/v2\/media?parent=8"}],"curies":[{"name":"wp","href":"https:\/\/api.w.org\/{rel}","templated":true}]}}