{"id":199,"date":"2015-06-15T15:36:02","date_gmt":"2015-06-15T15:36:02","guid":{"rendered":"http:\/\/mariopiersantelli.it\/mp\/?page_id=199"},"modified":"2015-06-15T15:38:05","modified_gmt":"2015-06-15T15:38:05","slug":"privacy","status":"publish","type":"page","link":"http:\/\/mariopiersantelli.it\/mp\/privacy\/","title":{"rendered":"Privacy"},"content":{"rendered":"<p><strong>Dati di navigazione: google analytics<\/strong><\/p>\n<p style=\"text-align: justify;\">Questo sito web utilizza Google Analytics, un servizio di analisi web fornito da Google, Inc. (\u201cGoogle\u201d).<br \/>\nGoogle Analytics utilizza dei \u201ccookies\u201d, che sono file di testo che vengono depositati sul Vostro computer per consentire al sito web di analizzare come gli utenti utilizzano il sito.<br \/>\nLe informazioni generate dal cookie sull\u2019utilizzo del sito web da parte Vostra (compreso il Vostro indirizzo IP) verranno trasmesse e depositate presso i server di Google negli Stati Uniti.<br \/>\nGoogle utilizzer\u00e0 queste informazioni allo scopo di tracciare e esaminare il Vostro utilizzo del sito web, compilare report sulle attivit\u00e0 del sito web per gli operatori del sito web e fornire altri servizi relativi alle attivit\u00e0 del sito web e all\u2019utilizzo di Internet. Google pu\u00f2 anche trasferire queste informazioni a terzi ove ci\u00f2 sia imposto dalla legge o laddove tali terzi trattino le suddette informazioni per conto di Google.<br \/>\nGoogle non assocer\u00e0 il vostro indirizzo IP a nessun altro dato posseduto da Google. Potete rifiutarvi di usare i cookies selezionando l\u2019impostazione appropriata sul vostro browser, ma ci\u00f2 potrebbe impedirvi di utilizzare tutte le funzionalit\u00e0 di questo sito web.<br \/>\nUtilizzando il presente sito web, voi acconsentite al trattamento dei Vostri dati da parte di Google per le modalit\u00e0 e i fini sopraindicati.<\/p>\n<p style=\"text-align: justify;\"><strong>Informazioni sulla privacy dlg 196\/03<\/strong><\/p>\n<p style=\"text-align: justify;\">Mario Piersantelli ai sensi dell\u2019art.13 del D.Lgs.196\/03 (Codice in materia di protezione dei dati personali) informa sulle modalit\u00e0 di trattamento dei dati personali forniti dagli utenti ai Servizi\/uffici della societ\u00e0<\/p>\n<p style=\"text-align: justify;\">Il trattamento dei dati personali avviene esclusivamente per le finalit\u00e0 dei servizi del sito Mario Piersantelli;<br \/>\nPer trattamento di dati personali si intende la loro raccolta, registrazione, organizzazione, conservazione, elaborazione, modificazione, selezione, estrazione, raffronto, utilizzo, interconnessione, blocco, comunicazione, diffusione, cancellazione e distribuzione ovvero la combinazione di due o pi\u00f9 di tali elementi;<br \/>\nIl trattamento avviene di norma all\u2019interno del Servizio in cui i dati sono stati resi, anche con l\u2019ausilio di supporti informatici, da parte degli operatori incaricati del servizio;<\/p>\n<p style=\"text-align: justify;\">Mario Piersantelli assicura il diritto di accesso ai dati personali, l\u2019aggiornamento, la rettifica o l\u2019integrazione e gli altri diritti indicati all\u2019art.7 del D.Lgs.196\/03 sotto riportati rivolgendosi direttamente ai referenti del servizio.<br \/>\nIl titolare del trattamento \u00e8 Mario Piersantelli.<\/p>\n<p style=\"text-align: justify;\"><strong>Diritti dell\u2019interessato.<\/strong><br \/>\n<strong> D.Lgs. 196\/03, Art.7- Diritto di accesso ai dati personali ed altri diritti.<\/strong><\/p>\n<p style=\"text-align: justify;\">L\u2019interessato ha diritto di ottenere la conferma dell\u2019esistenza o meno di dati personali che lo riguardano, anche se non ancora registrati, e la loro comunicazione in forma intelligibile.<br \/>\nL\u2019interessato ha diritto di ottenere l\u2019indicazione:<br \/>\na) dell\u2019origine dei dati personali;<br \/>\nb) delle finalit\u00e0 e modalit\u00e0 del trattamento;<br \/>\nc) della logica applicata in caso di trattamento effettuato con l\u2019ausilio di strumenti elettronici;<br \/>\nd) degli estremi identificativi del titolare, dei responsabili e del rappresentante designato ai sensi dell\u2019articolo 5, comma 2;<br \/>\ne) dei soggetti o delle categorie di soggetti ai quali i dati personali possono essere comunicati o che possono venirne a conoscenza in qualit\u00e0 di rappresentante designato nel territorio dello Stato, di responsabili o incaricati.<br \/>\nL\u2019interessato ha diritto di ottenere:<br \/>\na) l\u2019aggiornamento, la rettificazione ovvero, quando vi ha interesse, l\u2019integrazione dei dati;<br \/>\nb) la cancellazione, la trasformazione in forma anonima o il blocco dei dati trattati in violazione di legge, compresi quelli di cui non \u00e8 necessaria la conservazione in relazione agli scopi per i quali i dati sono stati raccolti o successivamente trattati;<br \/>\nc) l\u2019attestazione che le operazioni di cui alle lettere a) e b) sono state portate a conoscenza, anche per quanto riguarda il loro contenuto, di coloro ai quali i dati sono stati comunicati o diffusi, eccettuato il caso in cui tale adempimento si rivela impossibile o comporta un impiego di mezzi manifestamente sproporzionato rispetto al diritto tutelato.<br \/>\nL\u2019interessato ha diritto di opporsi, in tutto o in parte:<br \/>\na) per motivi legittimi al trattamento dei dati personali che lo riguardano, ancorch\u00e9 pertinenti allo scopo della raccolta;<br \/>\nb) al trattamento di dati personali che lo riguardano a fini di invio di materiale pubblicitario o di vendita diretta o per il compimento di ricerche di mercato o di comunicazione commerciale.<\/p>\n<p style=\"text-align: justify;\"><strong><em>Cookie policy<\/em><\/strong><br \/>\n<strong><em>Informativa estesa sull\u2019utilizzo dei cookie<\/em><\/strong><\/p>\n<p style=\"text-align: justify;\">Uso dei cookie<br \/>\nIl \u201cSito\u201d di Mario Piersantelli utilizza i Cookie per rendere i servizi semplici ed efficienti per l\u2019utenza che visiona le pagine di navigazione.<br \/>\nGli utenti che visionano il nostro Sito, vedranno inserite delle quantit\u00e0 minime di informazioni nei dispositivi in uso, che siano computer e periferiche mobili, in piccoli file di testo denominati \u201ccookie\u201d salvati nelle directory utilizzate dal browser web dell\u2019Utente.<br \/>\nVi sono vari tipi di cookie, alcuni per rendere pi\u00f9 efficace l\u2019uso del Sito, altri per abilitare determinate funzionalit\u00e0.<\/p>\n<p style=\"text-align: justify;\">Analizzandoli in maniera particolareggiata i nostri cookie permettono di:<\/p>\n<p style=\"text-align: justify;\">\u2013 memorizzare le preferenze inserite<br \/>\n\u2013 evitare di reinserire le stesse informazioni pi\u00f9 volte durante la visita quali ad esempio nome utente e password<br \/>\n\u2013 analizzare l\u2019utilizzo dei servizi e dei contenuti forniti dai Siti per ottimizzarne l\u2019esperienza di navigazione e i servizi offerti<\/p>\n<p style=\"text-align: justify;\">Tipologie di Cookie utilizzati nel sito Mario Piersantelli.<br \/>\nEcco i tipi di cookie utilizzati nel\u00a0sito Mario Piersantelli.<\/p>\n<p style=\"text-align: justify;\">\u2013\u00a0<strong>Cookie Tecnici<\/strong><\/p>\n<p style=\"text-align: justify;\">Questa tipologia di cookie permette il corretto funzionamento di alcune sezioni del Sito. Sono di due categorie, persistenti e di sessione:<\/p>\n<p style=\"text-align: justify;\">\u2013 persistenti: una volta chiuso il browser non vengono distrutti ma rimangono fino ad una data di scadenza preimpostata<br \/>\n\u2013 di sessione: vengono distrutti ogni volta che il browser viene chiuso<br \/>\nQuesti cookie, inviati sempre dal dominio del sito di navigazione, sono necessari a visualizzare correttamente il sito e in relazione ai servizi tecnici offerti, verranno quindi sempre utilizzati e inviati, a meno che l\u2019utenza non modifichi le impostazioni nel proprio browser (inficiando cos\u00ec la visualizzazione delle pagine del sito).<\/p>\n<p style=\"text-align: justify;\">\u2013\u00a0<strong>Cookie analitici<\/strong><\/p>\n<p style=\"text-align: justify;\">I cookie in questa categoria vengono utilizzati per collezionare informazioni sull\u2019uso del sito. Useremo queste informazioni in merito ad analisi statistiche anonime al fine di migliorare l\u2019utilizzo del sito e per rendere i contenuti pi\u00f9 interessanti e attinenti ai desideri dell\u2019utenza. Questa tipologia di cookie raccoglie dati in forma anonima sull\u2019attivit\u00e0 dell\u2019utenza e su come \u00e8 arrivata sul sito. I cookie analitici sono inviati dal sito stesso o da domini di terze parti.<\/p>\n<p style=\"text-align: justify;\">\u2013\u00a0<strong>Cookie di analisi di servizi di terze parti<\/strong><\/p>\n<p style=\"text-align: justify;\">Questi cookie sono utilizzati al fine di raccogliere informazioni sull\u2019uso del sito da parte degli utenti in forma anonima quali: pagine visitate, tempo di permanenza, origini del traffico di provenienza, provenienza geografica, et\u00e0, genere e interessi ai fini di campagne di marketing. Questi cookie sono inviati da domini di terze parti esterni ai nostri siti.<\/p>\n<p style=\"text-align: justify;\">\u2013\u00a0<strong>Cookie per integrare prodotti e funzioni di software di terze parti<\/strong><\/p>\n<p style=\"text-align: justify;\">Questa tipologia di cookie integra funzionalit\u00e0 sviluppate da terzi all\u2019interno delle pagine del sito come le icone e le preferenze espresse nei social network al fine di condivisione dei contenuti del sito o per l\u2019uso di servizi software di terze parti (come i software per generare le mappe e ulteriori software che offrono servizi aggiuntivi). Questi cookie sono inviati da domini di terze parti e da siti partner che offrono le loro funzionalit\u00e0 tra le pagine del sito.<\/p>\n<p style=\"text-align: justify;\">\u2013\u00a0<strong>Cookie di profilazione<\/strong><\/p>\n<p style=\"text-align: justify;\">Sono cookie necessari a creare profili utenti al fine di inviare messaggi pubblicitari in linea con le preferenze manifestate dall\u2019utente all\u2019interno delle pagine del sito.<\/p>\n<p style=\"text-align: justify;\">Secondo la normativa vigente, Mario Piersantelli non \u00e8 tenuta a chiedere consenso per i cookie tecnici e di analytics inseriti nel sito, in quanto necessari a fornire i servizi richiesti.<\/p>\n<p style=\"text-align: justify;\">Per tutte le altre tipologie di cookie il consenso pu\u00f2 essere espresso dall\u2019Utente con una o pi\u00f9 di una delle seguenti modalit\u00e0:<\/p>\n<p style=\"text-align: justify;\">Mediante specifiche configurazioni del browser utilizzato o dei relativi programmi informatici utilizzati per navigare le pagine che compongono il Sito.<br \/>\nMediante modifica delle impostazioni nell\u2019uso dei servizi di terze parti<br \/>\nEntrambe queste soluzioni potrebbero impedire all\u2019utente di utilizzare o visualizzare parti del Sito.<\/p>\n<p style=\"text-align: justify;\">Come disabilitare i cookie mediante configurazione del browser:<\/p>\n<ol>\n<li>Google Chrome -&gt; https:\/\/support.google.com\/accounts\/answer\/32050?hl=it<\/li>\n<li>Internet Explorer -&gt;\u00a0http:\/\/windows.microsoft.com\/it-it\/internet-explorer\/delete-manage-cookies#ie=ie-11<\/li>\n<li>Firefox -&gt;\u00a0https:\/\/support.mozilla.org\/it\/kb\/Eliminare%20i%20cookie<\/li>\n<li>iPhone \/ iPad -&gt;\u00a0https:\/\/support.apple.com\/it-it\/HT201265<\/li>\n<li>Safari -&gt;\u00a0https:\/\/support.apple.com\/kb\/PH17191?locale=it_IT&amp;viewlocale=it_IT<\/li>\n<\/ol>\n","protected":false},"excerpt":{"rendered":"<p>Dati di navigazione: google analytics Questo sito web utilizza Google Analytics, un servizio di analisi web fornito da Google, Inc. (\u201cGoogle\u201d). Google Analytics utilizza dei \u201ccookies\u201d, che sono file di testo che vengono depositati sul Vostro computer per consentire al sito web di analizzare come gli utenti utilizzano il sito. Le informazioni generate dal cookie [&hellip;]<\/p>\n","protected":false},"author":1,"featured_media":0,"parent":0,"menu_order":0,"comment_status":"open","ping_status":"open","template":"","meta":{"ngg_post_thumbnail":0},"aioseo_notices":[],"_links":{"self":[{"href":"http:\/\/mariopiersantelli.it\/mp\/wp-json\/wp\/v2\/pages\/199"}],"collection":[{"href":"http:\/\/mariopiersantelli.it\/mp\/wp-json\/wp\/v2\/pages"}],"about":[{"href":"http:\/\/mariopiersantelli.it\/mp\/wp-json\/wp\/v2\/types\/page"}],"author":[{"embeddable":true,"href":"http:\/\/mariopiersantelli.it\/mp\/wp-json\/wp\/v2\/users\/1"}],"replies":[{"embeddable":true,"href":"http:\/\/mariopiersantelli.it\/mp\/wp-json\/wp\/v2\/comments?post=199"}],"version-history":[{"count":3,"href":"http:\/\/mariopiersantelli.it\/mp\/wp-json\/wp\/v2\/pages\/199\/revisions"}],"predecessor-version":[{"id":202,"href":"http:\/\/mariopiersantelli.it\/mp\/wp-json\/wp\/v2\/pages\/199\/revisions\/202"}],"wp:attachment":[{"href":"http:\/\/mariopiersantelli.it\/mp\/wp-json\/wp\/v2\/media?parent=199"}],"curies":[{"name":"wp","href":"https:\/\/api.w.org\/{rel}","templated":true}]}}